{"id":399,"date":"2019-10-31T10:54:19","date_gmt":"2019-10-31T09:54:19","guid":{"rendered":"http:\/\/boris-ribarica.com\/de\/?page_id=399"},"modified":"2019-11-04T13:04:04","modified_gmt":"2019-11-04T12:04:04","slug":"karlobag","status":"publish","type":"page","link":"http:\/\/boris-ribarica.com\/de\/karlobag\/","title":{"rendered":"Karlobag \/ Ribarica"},"content":{"rendered":"\n<p> <\/p>\n\n\n\n<p>Am Fu\u00df des Velebit gelegen, 927 m \u00fcber dem Meer, mit einem wunderbaren Ausblick auf die Insel Pag, ist die heutige Stadt Karlobag eine uralte Siedlung. W\u00e4hrend der r\u00f6mischen Herrschaft befindet sich an ihrer Stelle die r\u00f6mische Kleinstadt Vegium.<\/p>\n\n\n\n<p>Karlobag ist ein kleines St\u00e4dtchen, fern vom Massentoursimus, das sich mit seiner 40 km langen K\u00fcste am Fu\u00dfe des wundersch\u00f6nen Gebirges Velebit befindet. Deswegen hat Karlobag ein ideales Klima zu bieten, denn in nur 15 Min. Autofahrt wechselt das mediterrane Klima zum Gebirgsklima. Das sauberste und kristallklare Wasser der Adria und die klimatischen Vorz\u00fcge erm\u00f6glichen eine perfekte Erholung in einem Naturparadies, wo das Gebirge und das Meer in unmittelbarer N\u00e4he sind.<\/p>\n\n\n\n<p>Karlobag ist eine sehr alte Siedlung, die im Lauf der Geschichte verschiedene Namen trug. Der heutige Name stammt aus der Zeit des \u00f6sterr. Kaisers Karl VI, der sie im 16. Jhd. zur kaiserlich k\u00f6niglichen Stadt ernannte. Karlobag hat viele historische Denkm\u00e4ler. Die bekanntesten sind die Festung Fortica oder Kava aus dem 18. Jhd, das Kapuzinerkloster mit der Parrkirche des Heiligen Josefs aus dem Jahre 1713, die Kirche des hl. Borromeo und die Mariakirche.<\/p>\n\n\n\n<p>Mit dem klarsten Wasser der Adria und einer intakten Umwelt bietet Karlobag ideale Urlaubsm\u00f6glichkeiten.<\/p>\n\n\n\n<p>Touren, Ausfl\u00fcge und sonstige Abenteuer im Nationalpark Paclenica k\u00f6nnen Sie hier buchen.<\/p>\n\n\n\n<p><\/p>\n\n\n\n<p><\/p>\n\n\n\n<figure class=\"wp-block-embed-youtube wp-block-embed is-type-video is-provider-youtube wp-embed-aspect-16-9 wp-has-aspect-ratio\"><div class=\"wp-block-embed__wrapper\">\n<iframe loading=\"lazy\" title=\"KARLOBAG - ART OF NATURE\" width=\"660\" height=\"371\" src=\"https:\/\/www.youtube.com\/embed\/AYRTm1Ome9o?feature=oembed\" frameborder=\"0\" allow=\"accelerometer; autoplay; clipboard-write; encrypted-media; gyroscope; picture-in-picture; web-share\" referrerpolicy=\"strict-origin-when-cross-origin\" allowfullscreen><\/iframe>\n<\/div><\/figure>\n","protected":false},"excerpt":{"rendered":"<p>Am Fu\u00df des Velebit gelegen, 927 m \u00fcber dem Meer, mit einem wunderbaren Ausblick auf die Insel Pag, ist die heutige Stadt Karlobag eine uralte Siedlung. W\u00e4hrend der r\u00f6mischen Herrschaft befindet sich an ihrer Stelle die r\u00f6mische Kleinstadt Vegium. Karlobag ist ein kleines St\u00e4dtchen, fern vom Massentoursimus, das sich mit seiner 40 km langen K\u00fcste am Fu\u00dfe des wundersch\u00f6nen Gebirges Velebit befindet. Deswegen hat Karlobag ein ideales Klima zu bieten, denn in nur 15 Min. Autofahrt wechselt das mediterrane Klima [&hellip;]<\/p>\n","protected":false},"author":1,"featured_media":0,"parent":0,"menu_order":0,"comment_status":"closed","ping_status":"closed","template":"","meta":{"footnotes":""},"class_list":["post-399","page","type-page","status-publish","hentry"],"_links":{"self":[{"href":"http:\/\/boris-ribarica.com\/de\/wp-json\/wp\/v2\/pages\/399","targetHints":{"allow":["GET"]}}],"collection":[{"href":"http:\/\/boris-ribarica.com\/de\/wp-json\/wp\/v2\/pages"}],"about":[{"href":"http:\/\/boris-ribarica.com\/de\/wp-json\/wp\/v2\/types\/page"}],"author":[{"embeddable":true,"href":"http:\/\/boris-ribarica.com\/de\/wp-json\/wp\/v2\/users\/1"}],"replies":[{"embeddable":true,"href":"http:\/\/boris-ribarica.com\/de\/wp-json\/wp\/v2\/comments?post=399"}],"version-history":[{"count":5,"href":"http:\/\/boris-ribarica.com\/de\/wp-json\/wp\/v2\/pages\/399\/revisions"}],"predecessor-version":[{"id":437,"href":"http:\/\/boris-ribarica.com\/de\/wp-json\/wp\/v2\/pages\/399\/revisions\/437"}],"wp:attachment":[{"href":"http:\/\/boris-ribarica.com\/de\/wp-json\/wp\/v2\/media?parent=399"}],"curies":[{"name":"wp","href":"https:\/\/api.w.org\/{rel}","templated":true}]}}