{"id":23,"date":"2018-08-17T08:52:27","date_gmt":"2018-08-17T06:52:27","guid":{"rendered":"http:\/\/boris-ribarica.com\/de\/?page_id=23"},"modified":"2019-11-04T12:59:16","modified_gmt":"2019-11-04T11:59:16","slug":"about","status":"publish","type":"page","link":"http:\/\/boris-ribarica.com\/de\/about\/","title":{"rendered":"\u00dcber uns"},"content":{"rendered":"\n<p><\/p>\n\n\n\n<h2 class=\"wp-block-heading\">Was gibt es bei uns zu finden?<\/h2>\n\n\n\n<figure class=\"wp-block-image size-large\"><img loading=\"lazy\" decoding=\"async\" width=\"450\" height=\"551\" src=\"http:\/\/boris-ribarica.com\/de\/thartoph\/2019\/10\/sadr\u017eaj-1.jpg\" alt=\"\" class=\"wp-image-383\" srcset=\"http:\/\/boris-ribarica.com\/de\/thartoph\/2019\/10\/sadr\u017eaj-1.jpg 450w, http:\/\/boris-ribarica.com\/de\/thartoph\/2019\/10\/sadr\u017eaj-1-245x300.jpg 245w\" sizes=\"auto, (max-width: 450px) 100vw, 450px\" \/><\/figure>\n\n\n\n<div class=\"wp-block-text-columns alignundefined columns-2\"><div class=\"wp-block-column\"><p>Das Ferienhaus Boris befindet sich in einem ruhigen Dorf Ribarica in der N\u00e4he von Karlobag, auf eine ruhige Position , 15 m vom Meer entfernt. Der Apartment ist 60 m2 gro\u00df und verf\u00fcgt \u00fcber 3 Schlafzimmer, ein Badezimmer eine gro\u00dfe K\u00fcche und einen Essbereich. <\/p><\/div><div class=\"wp-block-column\"><p>Die Terrasse der Wohnung bietet einen sch\u00f6nen Blick auf die Adriatische Meer und Insel Pag. Der Strand ist 15 m von den Apartments entfernt. Die Wohnung empf\u00e4ngt maximal 6 G\u00e4ste. <\/p><\/div><\/div>\n\n\n\n<hr class=\"wp-block-separator\"\/>\n\n\n\n<h3 class=\"wpm-accordion\">Wohnzimmer und Esszimmer<br><\/h3>\n\n\n\n<figure class=\"wp-block-image size-large\"><img loading=\"lazy\" decoding=\"async\" width=\"680\" height=\"453\" src=\"http:\/\/boris-ribarica.com\/de\/thartoph\/2019\/10\/002-Kueche_gross.jpg\" alt=\"\" class=\"wp-image-367\" srcset=\"http:\/\/boris-ribarica.com\/de\/thartoph\/2019\/10\/002-Kueche_gross.jpg 680w, http:\/\/boris-ribarica.com\/de\/thartoph\/2019\/10\/002-Kueche_gross-300x200.jpg 300w\" sizes=\"auto, (max-width: 680px) 100vw, 680px\" \/><\/figure>\n\n\n\n<figure class=\"wp-block-image size-large\"><img loading=\"lazy\" decoding=\"async\" width=\"680\" height=\"453\" src=\"http:\/\/boris-ribarica.com\/de\/thartoph\/2019\/10\/004-Kueche2_gross.jpg\" alt=\"\" class=\"wp-image-365\" srcset=\"http:\/\/boris-ribarica.com\/de\/thartoph\/2019\/10\/004-Kueche2_gross.jpg 680w, http:\/\/boris-ribarica.com\/de\/thartoph\/2019\/10\/004-Kueche2_gross-300x200.jpg 300w\" sizes=\"auto, (max-width: 680px) 100vw, 680px\" \/><\/figure>\n\n\n\n<figure class=\"wp-block-image size-large\"><img loading=\"lazy\" decoding=\"async\" width=\"680\" height=\"453\" src=\"http:\/\/boris-ribarica.com\/de\/thartoph\/2019\/10\/003-Kueche1_gross.jpg\" alt=\"\" class=\"wp-image-366\" srcset=\"http:\/\/boris-ribarica.com\/de\/thartoph\/2019\/10\/003-Kueche1_gross.jpg 680w, http:\/\/boris-ribarica.com\/de\/thartoph\/2019\/10\/003-Kueche1_gross-300x200.jpg 300w\" sizes=\"auto, (max-width: 680px) 100vw, 680px\" \/><\/figure>\n\n\n\n<h3 class=\"wpm-accordion\">Bad<br><\/h3>\n\n\n\n<figure class=\"wp-block-image size-large\"><img loading=\"lazy\" decoding=\"async\" width=\"533\" height=\"800\" src=\"http:\/\/boris-ribarica.com\/de\/thartoph\/2019\/10\/005-Bad_gross.jpg\" alt=\"\" class=\"wp-image-368\" srcset=\"http:\/\/boris-ribarica.com\/de\/thartoph\/2019\/10\/005-Bad_gross.jpg 533w, http:\/\/boris-ribarica.com\/de\/thartoph\/2019\/10\/005-Bad_gross-200x300.jpg 200w\" sizes=\"auto, (max-width: 533px) 100vw, 533px\" \/><\/figure>\n\n\n\n<h3 id=\"\" class=\"wpm-accordion\">Schlafzimmer mit Doppelbett<br><\/h3>\n\n\n\n<figure class=\"wp-block-image size-large\"><img loading=\"lazy\" decoding=\"async\" width=\"680\" height=\"453\" src=\"http:\/\/boris-ribarica.com\/de\/thartoph\/2019\/10\/009-Schlafzimmer_gross.jpg\" alt=\"\" class=\"wp-image-369\" srcset=\"http:\/\/boris-ribarica.com\/de\/thartoph\/2019\/10\/009-Schlafzimmer_gross.jpg 680w, http:\/\/boris-ribarica.com\/de\/thartoph\/2019\/10\/009-Schlafzimmer_gross-300x200.jpg 300w\" sizes=\"auto, (max-width: 680px) 100vw, 680px\" \/><\/figure>\n\n\n\n<figure class=\"wp-block-image size-large\"><img loading=\"lazy\" decoding=\"async\" width=\"680\" height=\"453\" src=\"http:\/\/boris-ribarica.com\/de\/thartoph\/2019\/10\/008-Schlafzimmer5_gross.jpg\" alt=\"\" class=\"wp-image-370\" srcset=\"http:\/\/boris-ribarica.com\/de\/thartoph\/2019\/10\/008-Schlafzimmer5_gross.jpg 680w, http:\/\/boris-ribarica.com\/de\/thartoph\/2019\/10\/008-Schlafzimmer5_gross-300x200.jpg 300w\" sizes=\"auto, (max-width: 680px) 100vw, 680px\" \/><\/figure>\n\n\n\n<h3 class=\"wpm-accordion\">Schlafzimmer mit Doppelbett<br><\/h3>\n\n\n\n<figure class=\"wp-block-image size-large\"><img loading=\"lazy\" decoding=\"async\" width=\"680\" height=\"453\" src=\"http:\/\/boris-ribarica.com\/de\/thartoph\/2019\/10\/006-Schlafzimmer3_gross.jpg\" alt=\"\" class=\"wp-image-372\" srcset=\"http:\/\/boris-ribarica.com\/de\/thartoph\/2019\/10\/006-Schlafzimmer3_gross.jpg 680w, http:\/\/boris-ribarica.com\/de\/thartoph\/2019\/10\/006-Schlafzimmer3_gross-300x200.jpg 300w\" sizes=\"auto, (max-width: 680px) 100vw, 680px\" \/><\/figure>\n\n\n\n<figure class=\"wp-block-image size-large\"><img loading=\"lazy\" decoding=\"async\" width=\"533\" height=\"800\" src=\"http:\/\/boris-ribarica.com\/de\/thartoph\/2019\/10\/007-Schlafzimmer1_gross.jpg\" alt=\"\" class=\"wp-image-371\" srcset=\"http:\/\/boris-ribarica.com\/de\/thartoph\/2019\/10\/007-Schlafzimmer1_gross.jpg 533w, http:\/\/boris-ribarica.com\/de\/thartoph\/2019\/10\/007-Schlafzimmer1_gross-200x300.jpg 200w\" sizes=\"auto, (max-width: 533px) 100vw, 533px\" \/><\/figure>\n\n\n\n<h3 class=\"wpm-accordion\">Schlafzimmer mit drei Einzelbetten<br><\/h3>\n\n\n\n<figure class=\"wp-block-image size-large\"><img loading=\"lazy\" decoding=\"async\" width=\"680\" height=\"453\" src=\"http:\/\/boris-ribarica.com\/de\/thartoph\/2019\/10\/011-Schlafzimmer4_gross.jpg\" alt=\"\" class=\"wp-image-374\" srcset=\"http:\/\/boris-ribarica.com\/de\/thartoph\/2019\/10\/011-Schlafzimmer4_gross.jpg 680w, http:\/\/boris-ribarica.com\/de\/thartoph\/2019\/10\/011-Schlafzimmer4_gross-300x200.jpg 300w\" sizes=\"auto, (max-width: 680px) 100vw, 680px\" \/><\/figure>\n\n\n\n<figure class=\"wp-block-image size-large\"><img loading=\"lazy\" decoding=\"async\" width=\"680\" height=\"453\" src=\"http:\/\/boris-ribarica.com\/de\/thartoph\/2019\/10\/010-Schlafzimmer2_gross.jpg\" alt=\"\" class=\"wp-image-375\" srcset=\"http:\/\/boris-ribarica.com\/de\/thartoph\/2019\/10\/010-Schlafzimmer2_gross.jpg 680w, http:\/\/boris-ribarica.com\/de\/thartoph\/2019\/10\/010-Schlafzimmer2_gross-300x200.jpg 300w\" sizes=\"auto, (max-width: 680px) 100vw, 680px\" \/><\/figure>\n\n\n\n<h3 id=\"\" class=\"wpm-accordion\">Umwelt<br><\/h3>\n\n\n\n<figure class=\"wp-block-image size-large\"><img loading=\"lazy\" decoding=\"async\" width=\"680\" height=\"453\" src=\"http:\/\/boris-ribarica.com\/de\/thartoph\/2019\/10\/021-Garten1_gross.jpg\" alt=\"\" class=\"wp-image-336\" srcset=\"http:\/\/boris-ribarica.com\/de\/thartoph\/2019\/10\/021-Garten1_gross.jpg 680w, http:\/\/boris-ribarica.com\/de\/thartoph\/2019\/10\/021-Garten1_gross-300x200.jpg 300w\" sizes=\"auto, (max-width: 680px) 100vw, 680px\" \/><\/figure>\n\n\n\n<figure class=\"wp-block-image size-large\"><img loading=\"lazy\" decoding=\"async\" width=\"680\" height=\"453\" src=\"http:\/\/boris-ribarica.com\/de\/thartoph\/2019\/10\/014-Terrassenausblick_gross.jpg\" alt=\"\" class=\"wp-image-339\" srcset=\"http:\/\/boris-ribarica.com\/de\/thartoph\/2019\/10\/014-Terrassenausblick_gross.jpg 680w, http:\/\/boris-ribarica.com\/de\/thartoph\/2019\/10\/014-Terrassenausblick_gross-300x200.jpg 300w\" sizes=\"auto, (max-width: 680px) 100vw, 680px\" \/><\/figure>\n\n\n\n<figure class=\"wp-block-image size-large\"><img loading=\"lazy\" decoding=\"async\" width=\"680\" height=\"453\" src=\"http:\/\/boris-ribarica.com\/de\/thartoph\/2019\/10\/028-Strand32_gross.jpg\" alt=\"\" class=\"wp-image-341\" srcset=\"http:\/\/boris-ribarica.com\/de\/thartoph\/2019\/10\/028-Strand32_gross.jpg 680w, http:\/\/boris-ribarica.com\/de\/thartoph\/2019\/10\/028-Strand32_gross-300x200.jpg 300w\" sizes=\"auto, (max-width: 680px) 100vw, 680px\" \/><\/figure>\n\n\n\n<figure class=\"wp-block-image size-large\"><img loading=\"lazy\" decoding=\"async\" width=\"680\" height=\"453\" src=\"http:\/\/boris-ribarica.com\/de\/thartoph\/2019\/10\/018-Garten7_gross.jpg\" alt=\"\" class=\"wp-image-412\" srcset=\"http:\/\/boris-ribarica.com\/de\/thartoph\/2019\/10\/018-Garten7_gross.jpg 680w, http:\/\/boris-ribarica.com\/de\/thartoph\/2019\/10\/018-Garten7_gross-300x200.jpg 300w\" sizes=\"auto, (max-width: 680px) 100vw, 680px\" \/><\/figure>\n\n\n\n<figure class=\"wp-block-image size-large\"><img loading=\"lazy\" decoding=\"async\" width=\"680\" height=\"453\" src=\"http:\/\/boris-ribarica.com\/de\/thartoph\/2019\/10\/017-Garten6_gross.jpg\" alt=\"\" class=\"wp-image-413\" srcset=\"http:\/\/boris-ribarica.com\/de\/thartoph\/2019\/10\/017-Garten6_gross.jpg 680w, http:\/\/boris-ribarica.com\/de\/thartoph\/2019\/10\/017-Garten6_gross-300x200.jpg 300w\" sizes=\"auto, (max-width: 680px) 100vw, 680px\" \/><\/figure>\n\n\n\n<figure class=\"wp-block-image size-large\"><img loading=\"lazy\" decoding=\"async\" width=\"680\" height=\"453\" src=\"http:\/\/boris-ribarica.com\/de\/thartoph\/2019\/10\/012-Terrasse_gross.jpg\" alt=\"\" class=\"wp-image-414\" srcset=\"http:\/\/boris-ribarica.com\/de\/thartoph\/2019\/10\/012-Terrasse_gross.jpg 680w, http:\/\/boris-ribarica.com\/de\/thartoph\/2019\/10\/012-Terrasse_gross-300x200.jpg 300w\" sizes=\"auto, (max-width: 680px) 100vw, 680px\" \/><\/figure>\n\n\n\n<figure class=\"wp-block-image size-large\"><img loading=\"lazy\" decoding=\"async\" width=\"680\" height=\"453\" src=\"http:\/\/boris-ribarica.com\/de\/thartoph\/2019\/10\/014-Terrassenausblick_gross-1.jpg\" alt=\"\" class=\"wp-image-415\" srcset=\"http:\/\/boris-ribarica.com\/de\/thartoph\/2019\/10\/014-Terrassenausblick_gross-1.jpg 680w, http:\/\/boris-ribarica.com\/de\/thartoph\/2019\/10\/014-Terrassenausblick_gross-1-300x200.jpg 300w\" sizes=\"auto, (max-width: 680px) 100vw, 680px\" \/><\/figure>\n\n\n\n<figure class=\"wp-block-image size-large\"><img loading=\"lazy\" decoding=\"async\" width=\"680\" height=\"453\" src=\"http:\/\/boris-ribarica.com\/de\/thartoph\/2019\/10\/016-Garten5_gross.jpg\" alt=\"\" class=\"wp-image-416\" srcset=\"http:\/\/boris-ribarica.com\/de\/thartoph\/2019\/10\/016-Garten5_gross.jpg 680w, http:\/\/boris-ribarica.com\/de\/thartoph\/2019\/10\/016-Garten5_gross-300x200.jpg 300w\" sizes=\"auto, (max-width: 680px) 100vw, 680px\" \/><\/figure>\n\n\n\n<h2 class=\"wp-block-heading\">Anreise?<\/h2>\n\n\n\n<p>Die Anreise nach Karlobag, Kroatien erfolgt \u00fcber die Tauernautobahn Richtung Villach, weiter durch den Karawankentunnel Richtung Slowenien.<\/p>\n\n\n\n<p>Nach dem Grenz\u00fcbertritt Jesenice weiter Richtung Ljubljana. Am Ende der Autobahn kommt eine Unterf\u00fchrung, danach eine Ampelkreuzung, links abbiegen Richtung Postojna, ca 5 km geradeaus fahren, dann rechts abbiegen Richtung Autobahnauffahrt Rijeka (HR), nach ca 4 km Richtung Postojna fahren.<\/p>\n\n\n\n<p>Nach der Abfahrt Postojna kommt nach ca. 40 km der Grenz\u00fcbergang Rupa (HR), Richtung Rijeka fahren.<\/p>\n\n\n\n<p>Ca. 130 km nach Rijeka Richtung Split (Zadar) kommt zuerst CESARICA, die n\u00e4chste Ortschaft ist RIBARICA und nach ca 4 km kommt KARLOBAG.<\/p>\n\n\n\n<p>Alle Ferienwohnungen, die wir in unserm Portal pr\u00e4sentieren, befinden sich in Cesarica, Ribarica und Karlobag (ausgenommen Haus Kiki, Antonio, Ante.).<\/p>\n\n\n\n<p>F\u00fcr die Anreise nach Kroatien mit dem Auto ben\u00f6tigen Sie in \u00d6sterreich und Slowenien die Autobahnvignette. Vergessen Sie bitte nicht, dass Sie in \u00d6sterreich und Kroatien Mautgeb\u00fchren zahlen m\u00fcssen. Die Kfz-Papiere, die Sie bei sich f\u00fchren m\u00fcssen, sind F\u00fchrerschein, Fahrzeugschein und Internationale Gr\u00fcne Versicherungskarte.<\/p>\n\n\n\n<p>Jeder Unfall sollte bei der \u00f6rtlichen Polizeistation gemeldet werden. Fahrzeuge mit Karosseriesch\u00e4den ben\u00f6tigen zur Ausreise eine polizeiliche Schadensbest\u00e4tigung.<\/p>\n\n\n\n<p>Staatsb\u00fcrger der EU ben\u00f6tigen f\u00fcr die Einreise nach Kroatien einen g\u00fcltigen Personalausweis oder Reisepass; ein Visum ist nicht erforderlich. Angeh\u00f6rige anderer Staaten sowie Staatenlose erkundigen sich bitte beim zust\u00e4ndigen Konsulat.<br><\/p>\n\n\n\n<p><\/p>\n\n\n\n<p><\/p>\n\n\n<div id=\"wpgmza_map\" class=\"wpgmza_map\" data-settings='{\"id\":\"1\",\"map_title\":\"Boris mapa\",\"map_width\":\"100\",\"map_height\":\"400\",\"map_start_lat\":\"44.556288\",\"map_start_lng\":\"15.032603\",\"map_start_location\":\"44.55628779307821,15.032603141783074\",\"map_start_zoom\":\"17\",\"default_marker\":\"0\",\"type\":\"1\",\"alignment\":\"1\",\"directions_enabled\":\"1\",\"styling_enabled\":\"0\",\"styling_json\":\"\",\"active\":\"0\",\"kml\":\"\",\"bicycle\":\"0\",\"traffic\":\"0\",\"dbox\":\"1\",\"dbox_width\":\"100\",\"listmarkers\":\"0\",\"listmarkers_advanced\":\"0\",\"filterbycat\":\"0\",\"ugm_enabled\":\"0\",\"ugm_category_enabled\":\"0\",\"fusion\":\"\",\"map_width_type\":\"\\\\%\",\"map_height_type\":\"px\",\"mass_marker_support\":\"1\",\"ugm_access\":\"0\",\"order_markers_by\":\"1\",\"order_markers_choice\":\"2\",\"show_user_location\":\"0\",\"default_to\":\"\",\"other_settings\":{\"store_locator_enabled\":2,\"store_locator_distance\":2,\"store_locator_default_radius\":10,\"store_locator_not_found_message\":\"No results found in this location. Please try again.\",\"store_locator_bounce\":1,\"store_locator_query_string\":\"ZIP \\\/ Address:\",\"store_locator_default_address\":\"\",\"wpgmza_store_locator_restrict\":\"\",\"store_locator_style\":\"modern\",\"wpgmza_store_locator_radius_style\":\"modern\",\"map_max_zoom\":\"1\",\"transport_layer\":0,\"wpgmza_theme_data\":\"\",\"wpgmza_show_points_of_interest\":1,\"wpgmza_auto_night\":0}}' data-map-id='1' Data-maps-engine='google-maps' data-shortcode-attributes='{\"id\":\"1\"}' style=\"display:block; overflow:auto; width:100%; height:400px; float:left;\"><\/div>\n\n\n\n<hr class=\"wp-block-separator\"\/>\n","protected":false},"excerpt":{"rendered":"<p>Was gibt es bei uns zu finden? Wohnzimmer und Esszimmer Bad Schlafzimmer mit Doppelbett Schlafzimmer mit Doppelbett Schlafzimmer mit drei Einzelbetten Umwelt Anreise? Die Anreise nach Karlobag, Kroatien erfolgt \u00fcber die Tauernautobahn Richtung Villach, weiter durch den Karawankentunnel Richtung Slowenien. Nach dem Grenz\u00fcbertritt Jesenice weiter Richtung Ljubljana. Am Ende der Autobahn kommt eine Unterf\u00fchrung, danach eine Ampelkreuzung, links abbiegen Richtung Postojna, ca 5 km geradeaus fahren, dann rechts abbiegen Richtung Autobahnauffahrt Rijeka (HR), nach ca 4 km Richtung Postojna fahren. [&hellip;]<\/p>\n","protected":false},"author":1,"featured_media":0,"parent":0,"menu_order":0,"comment_status":"closed","ping_status":"closed","template":"","meta":{"footnotes":""},"class_list":["post-23","page","type-page","status-publish","hentry"],"_links":{"self":[{"href":"http:\/\/boris-ribarica.com\/de\/wp-json\/wp\/v2\/pages\/23","targetHints":{"allow":["GET"]}}],"collection":[{"href":"http:\/\/boris-ribarica.com\/de\/wp-json\/wp\/v2\/pages"}],"about":[{"href":"http:\/\/boris-ribarica.com\/de\/wp-json\/wp\/v2\/types\/page"}],"author":[{"embeddable":true,"href":"http:\/\/boris-ribarica.com\/de\/wp-json\/wp\/v2\/users\/1"}],"replies":[{"embeddable":true,"href":"http:\/\/boris-ribarica.com\/de\/wp-json\/wp\/v2\/comments?post=23"}],"version-history":[{"count":44,"href":"http:\/\/boris-ribarica.com\/de\/wp-json\/wp\/v2\/pages\/23\/revisions"}],"predecessor-version":[{"id":435,"href":"http:\/\/boris-ribarica.com\/de\/wp-json\/wp\/v2\/pages\/23\/revisions\/435"}],"wp:attachment":[{"href":"http:\/\/boris-ribarica.com\/de\/wp-json\/wp\/v2\/media?parent=23"}],"curies":[{"name":"wp","href":"https:\/\/api.w.org\/{rel}","templated":true}]}}