{"id":22,"date":"2018-08-17T08:52:27","date_gmt":"2018-08-17T06:52:27","guid":{"rendered":"http:\/\/boris-ribarica.com\/de\/?page_id=22"},"modified":"2018-08-17T08:52:27","modified_gmt":"2018-08-17T06:52:27","slug":"pocetna-stranica","status":"publish","type":"page","link":"http:\/\/boris-ribarica.com\/de\/","title":{"rendered":"Po\u010detna stranica"},"content":{"rendered":"<p>Dobro do\u0161li na va\u0161u web-stranicu! Ovo je va\u0161a po\u010detna stranica, koju \u0107e ve\u0107ina posjetitelja vidjeti kada posjete va\u0161u stranicu po prvi puta.<\/p>\n","protected":false},"excerpt":{"rendered":"<p>Dobro do\u0161li na va\u0161u web-stranicu! Ovo je va\u0161a po\u010detna stranica, koju \u0107e ve\u0107ina posjetitelja vidjeti kada posjete va\u0161u stranicu po prvi puta.<\/p>\n","protected":false},"author":1,"featured_media":0,"parent":0,"menu_order":0,"comment_status":"closed","ping_status":"closed","template":"templates\/widgetized-page.php","meta":{"footnotes":""},"class_list":["post-22","page","type-page","status-publish","hentry"],"_links":{"self":[{"href":"http:\/\/boris-ribarica.com\/de\/wp-json\/wp\/v2\/pages\/22","targetHints":{"allow":["GET"]}}],"collection":[{"href":"http:\/\/boris-ribarica.com\/de\/wp-json\/wp\/v2\/pages"}],"about":[{"href":"http:\/\/boris-ribarica.com\/de\/wp-json\/wp\/v2\/types\/page"}],"author":[{"embeddable":true,"href":"http:\/\/boris-ribarica.com\/de\/wp-json\/wp\/v2\/users\/1"}],"replies":[{"embeddable":true,"href":"http:\/\/boris-ribarica.com\/de\/wp-json\/wp\/v2\/comments?post=22"}],"version-history":[{"count":1,"href":"http:\/\/boris-ribarica.com\/de\/wp-json\/wp\/v2\/pages\/22\/revisions"}],"predecessor-version":[{"id":29,"href":"http:\/\/boris-ribarica.com\/de\/wp-json\/wp\/v2\/pages\/22\/revisions\/29"}],"wp:attachment":[{"href":"http:\/\/boris-ribarica.com\/de\/wp-json\/wp\/v2\/media?parent=22"}],"curies":[{"name":"wp","href":"https:\/\/api.w.org\/{rel}","templated":true}]}}